{"id":3421,"date":"2019-04-26T12:29:15","date_gmt":"2019-04-26T16:29:15","guid":{"rendered":"https:\/\/futuros.com\/?page_id=3421"},"modified":"2019-07-16T17:59:36","modified_gmt":"2019-07-16T21:59:36","slug":"clausula-de-riesgo","status":"publish","type":"page","link":"https:\/\/futuros.com\/en\/clausula-de-riesgo\/","title":{"rendered":"Risk Clause"},"content":{"rendered":"<div class=\"fusion-fullwidth fullwidth-box fusion-builder-row-1 nonhundred-percent-fullwidth non-hundred-percent-height-scrolling\"  style='background-color: rgba(255,255,255,0);background-position: left top;background-repeat: no-repeat;padding-top:90px;padding-right:0px;padding-bottom:50px;padding-left:0px;border-top-width:0px;border-bottom-width:0px;border-color:#e7e4e2;border-top-style:solid;border-bottom-style:solid;'><div class=\"fusion-builder-row fusion-row\"><div  class=\"fusion-layout-column fusion_builder_column fusion_builder_column_1_6 fusion-builder-column-0 fusion-one-sixth fusion-column-first fusion-no-small-visibility 1_6\"  style='margin-top:10px;margin-bottom:10px;width:13.3333%; margin-right: 4%;'><div class=\"fusion-column-wrapper\" style=\"padding: 0px 0px 0px 0px;background-position:left top;background-repeat:no-repeat;-webkit-background-size:cover;-moz-background-size:cover;-o-background-size:cover;background-size:cover;\"   data-bg-url=\"\"><div class=\"fusion-clearfix\"><\/div><\/div><\/div><div  class=\"fusion-layout-column fusion_builder_column fusion_builder_column_2_3 fusion-builder-column-1 fusion-two-third 2_3\"  style='margin-top:10px;margin-bottom:30px;width:65.3333%; margin-right: 4%;'><div class=\"fusion-column-wrapper\" style=\"padding: 0px 0px 0px 0px;background-position:left top;background-repeat:no-repeat;-webkit-background-size:cover;-moz-background-size:cover;-o-background-size:cover;background-size:cover;\"   data-bg-url=\"\"><div class=\"fusion-text\"><h3>Risk Disclosure Statement<\/h3>\n<p style=\"font-size: 20px;\">Trading futures, forex, and other financial assets involves substantial risks and is not for all investors. An investor could potentially lose all or more than the initial investment. Risk capital is money that can be lost without jeopardizing a person's financial security or lifestyle. Only risk capital should be used for trading, and only those with sufficient risk capital should consider trading. Past results are not necessarily indicative of future results.\n\nTranslated with DeepL.com (free version)<\/p>\n<\/div><div class=\"fusion-text\"><h3>Statement of Hypothetical Results<\/h3>\n<p style=\"font-size: 20px;\">Hypothetical performance results have many inherent limitations, some of which are described below. No representation is being made that any account will or is likely to achieve results similar to those shown; in fact, there are frequently differences between hypothetical results and the actual results achieved by any trading program. One of the limitations of hypothetical performance results is that they are prepared with the benefit of hindsight. Furthermore, hypothetical trading does not involve financial risk, and no hypothetical trading record can take into account the financial risk of actual trading. For example, the ability to withstand losses or to adhere to a particular trading program regardless of losses are material points which can substantially affect actual trading results. There are many factors related to the markets in general, or to the implementation of any specific trading program, which cannot all be considered in the preparation of hypothetical results, all of which may adversely affect trading results.<\/p>\n<\/div><div class=\"fusion-text\"><p>Anyone who invests on their own behalf, or through third parties or companies, or using algorithms, whether their own or those of third parties or companies, is solely responsible for the outcome of such investments.<\/p>\n<p>All information, content, and attachments are strictly confidential. They may not be forwarded, copied, distributed, or used in any way, either in part or in whole, without the express permission of the sender.<\/p>\n<\/div><div class=\"fusion-clearfix\"><\/div><\/div><\/div><div  class=\"fusion-layout-column fusion_builder_column fusion_builder_column_1_6 fusion-builder-column-2 fusion-one-sixth fusion-column-last fusion-no-small-visibility 1_6\"  style='margin-top:10px;margin-bottom:10px;width:13.3333%'><div class=\"fusion-column-wrapper\" style=\"padding: 0px 0px 0px 0px;background-position:left top;background-repeat:no-repeat;-webkit-background-size:cover;-moz-background-size:cover;-o-background-size:cover;background-size:cover;\"   data-bg-url=\"\"><div class=\"fusion-sep-clear\"><\/div><div class=\"fusion-separator fusion-full-width-sep sep-none\" style=\"margin-left: auto;margin-right: auto;margin-top:20px;\"><\/div><div class=\"fusion-clearfix\"><\/div><\/div><\/div><\/div><\/div>","protected":false},"excerpt":{"rendered":"","protected":false},"author":1,"featured_media":0,"parent":0,"menu_order":0,"comment_status":"closed","ping_status":"closed","template":"100-width.php","meta":{"content-type":"","footnotes":""},"class_list":["post-3421","page","type-page","status-publish","hentry"],"yoast_head":"<!-- This site is optimized with the Yoast SEO plugin v27.4 - https:\/\/yoast.com\/product\/yoast-seo-wordpress\/ -->\n<title>Cl\u00e1usula de Riesgo - FUTUROS TRADING<\/title>\n<meta name=\"description\" content=\"Futuros Trading es un centro de Educaci\u00f3n financiera que tiene como objetivo brindar cursos de capacitaci\u00f3n para invertir en los mercados.\" \/>\n<meta name=\"robots\" content=\"index, follow, max-snippet:-1, max-image-preview:large, max-video-preview:-1\" \/>\n<link rel=\"canonical\" href=\"https:\/\/futuros.com\/en\/clausula-de-riesgo\/\" \/>\n<meta property=\"og:locale\" content=\"en_US\" \/>\n<meta property=\"og:type\" content=\"article\" \/>\n<meta property=\"og:title\" content=\"Cl\u00e1usula de Riesgo - FUTUROS TRADING\" \/>\n<meta property=\"og:description\" content=\"Futuros Trading es un centro de Educaci\u00f3n financiera que tiene como objetivo brindar cursos de capacitaci\u00f3n para invertir en los mercados.\" \/>\n<meta property=\"og:url\" content=\"https:\/\/futuros.com\/en\/clausula-de-riesgo\/\" \/>\n<meta property=\"og:site_name\" content=\"FUTUROS TRADING\" \/>\n<meta property=\"article:publisher\" content=\"https:\/\/www.facebook.com\/Futuros-Trading-LLC-212653608759739\/\" \/>\n<meta property=\"article:modified_time\" content=\"2019-07-16T21:59:36+00:00\" \/>\n<meta name=\"twitter:card\" content=\"summary_large_image\" \/>\n<meta name=\"twitter:site\" content=\"@futurostrading\" \/>\n<meta name=\"twitter:label1\" content=\"Est. reading time\" \/>\n\t<meta name=\"twitter:data1\" content=\"4 minutes\" \/>\n<script type=\"application\/ld+json\" class=\"yoast-schema-graph\">{\"@context\":\"https:\\\/\\\/schema.org\",\"@graph\":[{\"@type\":\"WebPage\",\"@id\":\"https:\\\/\\\/futuros.com\\\/clausula-de-riesgo\\\/\",\"url\":\"https:\\\/\\\/futuros.com\\\/clausula-de-riesgo\\\/\",\"name\":\"Cl\u00e1usula de Riesgo - FUTUROS TRADING\",\"isPartOf\":{\"@id\":\"https:\\\/\\\/futuros.com\\\/#website\"},\"datePublished\":\"2019-04-26T16:29:15+00:00\",\"dateModified\":\"2019-07-16T21:59:36+00:00\",\"description\":\"Futuros Trading es un centro de Educaci\u00f3n financiera que tiene como objetivo brindar cursos de capacitaci\u00f3n para invertir en los mercados.\",\"breadcrumb\":{\"@id\":\"https:\\\/\\\/futuros.com\\\/clausula-de-riesgo\\\/#breadcrumb\"},\"inLanguage\":\"en-US\",\"potentialAction\":[{\"@type\":\"ReadAction\",\"target\":[\"https:\\\/\\\/futuros.com\\\/clausula-de-riesgo\\\/\"]}]},{\"@type\":\"BreadcrumbList\",\"@id\":\"https:\\\/\\\/futuros.com\\\/clausula-de-riesgo\\\/#breadcrumb\",\"itemListElement\":[{\"@type\":\"ListItem\",\"position\":1,\"name\":\"Home\",\"item\":\"https:\\\/\\\/futuros.com\\\/\"},{\"@type\":\"ListItem\",\"position\":2,\"name\":\"Cl\u00e1usula de Riesgo\"}]},{\"@type\":\"WebSite\",\"@id\":\"https:\\\/\\\/futuros.com\\\/#website\",\"url\":\"https:\\\/\\\/futuros.com\\\/\",\"name\":\"FUTUROS TRADING\",\"description\":\"Aprenda a invertir dinero en la bolsa.\",\"publisher\":{\"@id\":\"https:\\\/\\\/futuros.com\\\/#organization\"},\"potentialAction\":[{\"@type\":\"SearchAction\",\"target\":{\"@type\":\"EntryPoint\",\"urlTemplate\":\"https:\\\/\\\/futuros.com\\\/?s={search_term_string}\"},\"query-input\":{\"@type\":\"PropertyValueSpecification\",\"valueRequired\":true,\"valueName\":\"search_term_string\"}}],\"inLanguage\":\"en-US\"},{\"@type\":\"Organization\",\"@id\":\"https:\\\/\\\/futuros.com\\\/#organization\",\"name\":\"FUTUROS TRADING LLC\",\"url\":\"https:\\\/\\\/futuros.com\\\/\",\"logo\":{\"@type\":\"ImageObject\",\"inLanguage\":\"en-US\",\"@id\":\"https:\\\/\\\/futuros.com\\\/#\\\/schema\\\/logo\\\/image\\\/\",\"url\":\"https:\\\/\\\/futuros.com\\\/wp-content\\\/uploads\\\/2019\\\/03\\\/logo_web_retina.png\",\"contentUrl\":\"https:\\\/\\\/futuros.com\\\/wp-content\\\/uploads\\\/2019\\\/03\\\/logo_web_retina.png\",\"width\":560,\"height\":178,\"caption\":\"FUTUROS TRADING LLC\"},\"image\":{\"@id\":\"https:\\\/\\\/futuros.com\\\/#\\\/schema\\\/logo\\\/image\\\/\"},\"sameAs\":[\"https:\\\/\\\/www.facebook.com\\\/Futuros-Trading-LLC-212653608759739\\\/\",\"https:\\\/\\\/x.com\\\/futurostrading\",\"https:\\\/\\\/www.youtube.com\\\/channel\\\/UCbtss0fPYnsNncc8gkvDqJQ\"]}]}<\/script>\n<!-- \/ Yoast SEO plugin. -->","yoast_head_json":{"title":"Cl\u00e1usula de Riesgo - FUTUROS TRADING","description":"Futuros Trading es un centro de Educaci\u00f3n financiera que tiene como objetivo brindar cursos de capacitaci\u00f3n para invertir en los mercados.","robots":{"index":"index","follow":"follow","max-snippet":"max-snippet:-1","max-image-preview":"max-image-preview:large","max-video-preview":"max-video-preview:-1"},"canonical":"https:\/\/futuros.com\/en\/clausula-de-riesgo\/","og_locale":"en_US","og_type":"article","og_title":"Cl\u00e1usula de Riesgo - FUTUROS TRADING","og_description":"Futuros Trading es un centro de Educaci\u00f3n financiera que tiene como objetivo brindar cursos de capacitaci\u00f3n para invertir en los mercados.","og_url":"https:\/\/futuros.com\/en\/clausula-de-riesgo\/","og_site_name":"FUTUROS TRADING","article_publisher":"https:\/\/www.facebook.com\/Futuros-Trading-LLC-212653608759739\/","article_modified_time":"2019-07-16T21:59:36+00:00","twitter_card":"summary_large_image","twitter_site":"@futurostrading","twitter_misc":{"Est. reading time":"4 minutes"},"schema":{"@context":"https:\/\/schema.org","@graph":[{"@type":"WebPage","@id":"https:\/\/futuros.com\/clausula-de-riesgo\/","url":"https:\/\/futuros.com\/clausula-de-riesgo\/","name":"Cl\u00e1usula de Riesgo - FUTUROS TRADING","isPartOf":{"@id":"https:\/\/futuros.com\/#website"},"datePublished":"2019-04-26T16:29:15+00:00","dateModified":"2019-07-16T21:59:36+00:00","description":"Futuros Trading es un centro de Educaci\u00f3n financiera que tiene como objetivo brindar cursos de capacitaci\u00f3n para invertir en los mercados.","breadcrumb":{"@id":"https:\/\/futuros.com\/clausula-de-riesgo\/#breadcrumb"},"inLanguage":"en-US","potentialAction":[{"@type":"ReadAction","target":["https:\/\/futuros.com\/clausula-de-riesgo\/"]}]},{"@type":"BreadcrumbList","@id":"https:\/\/futuros.com\/clausula-de-riesgo\/#breadcrumb","itemListElement":[{"@type":"ListItem","position":1,"name":"Home","item":"https:\/\/futuros.com\/"},{"@type":"ListItem","position":2,"name":"Cl\u00e1usula de Riesgo"}]},{"@type":"WebSite","@id":"https:\/\/futuros.com\/#website","url":"https:\/\/futuros.com\/","name":"FUTURES TRADING","description":"Learn how to invest money in the stock market.","publisher":{"@id":"https:\/\/futuros.com\/#organization"},"potentialAction":[{"@type":"SearchAction","target":{"@type":"EntryPoint","urlTemplate":"https:\/\/futuros.com\/?s={search_term_string}"},"query-input":{"@type":"PropertyValueSpecification","valueRequired":true,"valueName":"search_term_string"}}],"inLanguage":"en-US"},{"@type":"Organization","@id":"https:\/\/futuros.com\/#organization","name":"FUTURES TRADING LLC","url":"https:\/\/futuros.com\/","logo":{"@type":"ImageObject","inLanguage":"en-US","@id":"https:\/\/futuros.com\/#\/schema\/logo\/image\/","url":"https:\/\/futuros.com\/wp-content\/uploads\/2019\/03\/logo_web_retina.png","contentUrl":"https:\/\/futuros.com\/wp-content\/uploads\/2019\/03\/logo_web_retina.png","width":560,"height":178,"caption":"FUTUROS TRADING LLC"},"image":{"@id":"https:\/\/futuros.com\/#\/schema\/logo\/image\/"},"sameAs":["https:\/\/www.facebook.com\/Futuros-Trading-LLC-212653608759739\/","https:\/\/x.com\/futurostrading","https:\/\/www.youtube.com\/channel\/UCbtss0fPYnsNncc8gkvDqJQ"]}]}},"_links":{"self":[{"href":"https:\/\/futuros.com\/en\/wp-json\/wp\/v2\/pages\/3421","targetHints":{"allow":["GET"]}}],"collection":[{"href":"https:\/\/futuros.com\/en\/wp-json\/wp\/v2\/pages"}],"about":[{"href":"https:\/\/futuros.com\/en\/wp-json\/wp\/v2\/types\/page"}],"author":[{"embeddable":true,"href":"https:\/\/futuros.com\/en\/wp-json\/wp\/v2\/users\/1"}],"replies":[{"embeddable":true,"href":"https:\/\/futuros.com\/en\/wp-json\/wp\/v2\/comments?post=3421"}],"version-history":[{"count":11,"href":"https:\/\/futuros.com\/en\/wp-json\/wp\/v2\/pages\/3421\/revisions"}],"predecessor-version":[{"id":3710,"href":"https:\/\/futuros.com\/en\/wp-json\/wp\/v2\/pages\/3421\/revisions\/3710"}],"wp:attachment":[{"href":"https:\/\/futuros.com\/en\/wp-json\/wp\/v2\/media?parent=3421"}],"curies":[{"name":"wp","href":"https:\/\/api.w.org\/{rel}","templated":true}]}}